{"id":162,"date":"2019-03-13T06:41:09","date_gmt":"2019-03-13T06:41:09","guid":{"rendered":"http:\/\/localhost\/buildbench\/?page_id=162"},"modified":"2025-07-24T18:59:28","modified_gmt":"2025-07-24T18:59:28","slug":"ikon-celik-villa","status":"publish","type":"page","link":"https:\/\/ikonvilla.com\/en\/ikon-celik-villa\/","title":{"rendered":"IKON"},"content":{"rendered":"<div data-elementor-type=\"wp-post\" data-elementor-id=\"162\" class=\"elementor elementor-162\" data-elementor-post-type=\"page\">\n\t\t\t\t<div class=\"elementor-element elementor-element-d8af21c e-flex e-con-boxed e-con e-parent\" data-id=\"d8af21c\" data-element_type=\"container\" data-e-type=\"container\">\n\t\t\t\t\t<div class=\"e-con-inner\">\n\t\t<div class=\"elementor-element elementor-element-cc0af64 e-con-full e-flex e-con e-child\" data-id=\"cc0af64\" data-element_type=\"container\" data-e-type=\"container\">\n\t\t\t\t<div class=\"elementor-element elementor-element-a191216 elementor-widget elementor-widget-text-editor\" data-id=\"a191216\" data-element_type=\"widget\" data-e-type=\"widget\" data-widget_type=\"text-editor.default\">\n\t\t\t\t<div class=\"elementor-widget-container\">\n\t\t\t\t\t\t\t\t\t<h2>WHO ARE WE?<\/h2><p>Ikon Prefabricated &amp; Steel Structures, who produce prefabricated structures with its cutting-edge technology and high quality understanding, commenced production in 1997. With its broad-visioned and evergreen organisation, Ikon Steel Villa keeps progressing in the business without sacrificing quality and customer satisfaction principles.<\/p><p>The groups of technical office and R&amp;D within Ikon Prefabricated &amp; Steel Structures\u2019 organization keep working on new product designs and projects to satisfy customers\u2019 needs.<\/p><p>Ikon Prefabricated &amp; Steel Structures design and produce constructions, which is to be used in projects that come up in different sizes and sections in accordance with customers\u2019 demands, within its organization.<\/p>\t\t\t\t\t\t\t\t<\/div>\n\t\t\t\t<\/div>\n\t\t\t\t<\/div>\n\t\t<div class=\"elementor-element elementor-element-012c82d e-con-full e-flex e-con e-child\" data-id=\"012c82d\" data-element_type=\"container\" data-e-type=\"container\">\n\t\t\t\t<div class=\"elementor-element elementor-element-0469074 elementor-widget elementor-widget-image\" data-id=\"0469074\" data-element_type=\"widget\" data-e-type=\"widget\" data-widget_type=\"image.default\">\n\t\t\t\t<div class=\"elementor-widget-container\">\n\t\t\t\t\t\t\t\t\t\t\t\t\t\t\t<img fetchpriority=\"high\" decoding=\"async\" width=\"397\" height=\"335\" src=\"https:\/\/ikonvilla.com\/wp-content\/uploads\/2022\/05\/1_kimiz.jpg\" class=\"attachment-full size-full wp-image-3500\" alt=\"\" \/>\t\t\t\t\t\t\t\t\t\t\t\t\t\t\t<\/div>\n\t\t\t\t<\/div>\n\t\t\t\t<\/div>\n\t\t\t\t\t<\/div>\n\t\t\t\t<\/div>\n\t\t<div class=\"elementor-element elementor-element-b0a38e9 e-flex e-con-boxed e-con e-parent\" data-id=\"b0a38e9\" data-element_type=\"container\" data-e-type=\"container\">\n\t\t\t\t\t<div class=\"e-con-inner\">\n\t\t<div class=\"elementor-element elementor-element-720b032 e-con-full e-flex e-con e-child\" data-id=\"720b032\" data-element_type=\"container\" data-e-type=\"container\">\n\t\t\t\t<div class=\"elementor-element elementor-element-38c00bf elementor-widget elementor-widget-text-editor\" data-id=\"38c00bf\" data-element_type=\"widget\" data-e-type=\"widget\" data-widget_type=\"text-editor.default\">\n\t\t\t\t<div class=\"elementor-widget-container\">\n\t\t\t\t\t\t\t\t\t<h2>OUR MISSION<\/h2><p>As Ikon Prefabricated &amp; Steel Structures, our mission is to have cutting-edge technology and modern production methods to manufacture high quality products, to hustle for making sales to international markets and reaching world standards, to make R&amp;D activities on utilization and efficiency of firm\u2019s products to manufacture more quality products for lower costs and to increase the range of products by enhancing R&amp;D activities.<\/p>\t\t\t\t\t\t\t\t<\/div>\n\t\t\t\t<\/div>\n\t\t\t\t<\/div>\n\t\t<div class=\"elementor-element elementor-element-409899b e-con-full e-flex e-con e-child\" data-id=\"409899b\" data-element_type=\"container\" data-e-type=\"container\">\n\t\t\t\t<div class=\"elementor-element elementor-element-85704b4 elementor-widget elementor-widget-text-editor\" data-id=\"85704b4\" data-element_type=\"widget\" data-e-type=\"widget\" data-widget_type=\"text-editor.default\">\n\t\t\t\t<div class=\"elementor-widget-container\">\n\t\t\t\t\t\t\t\t\t<h2>OUR VISION<\/h2><p>As Ikon Prefabricated &amp; Steel Structures, our vision is to become a world\u2019s leading brand in prefabricated, steel structure and light steel villa area with our high quality producion power.<\/p>\t\t\t\t\t\t\t\t<\/div>\n\t\t\t\t<\/div>\n\t\t\t\t<\/div>\n\t\t\t\t\t<\/div>\n\t\t\t\t<\/div>\n\t\t<div class=\"elementor-element elementor-element-7e47841 e-flex e-con-boxed e-con e-parent\" data-id=\"7e47841\" data-element_type=\"container\" data-e-type=\"container\">\n\t\t\t\t\t<div class=\"e-con-inner\">\n\t\t<div class=\"elementor-element elementor-element-523bfde e-con-full e-flex e-con e-child\" data-id=\"523bfde\" data-element_type=\"container\" data-e-type=\"container\">\n\t\t\t\t<div class=\"elementor-element elementor-element-9bd0456 elementor-widget elementor-widget-image\" data-id=\"9bd0456\" data-element_type=\"widget\" data-e-type=\"widget\" data-widget_type=\"image.default\">\n\t\t\t\t<div class=\"elementor-widget-container\">\n\t\t\t\t\t\t\t\t\t\t\t\t\t\t\t<img decoding=\"async\" width=\"998\" height=\"1024\" src=\"https:\/\/ikonvilla.com\/wp-content\/uploads\/2023\/01\/1_hakkinda.jpeg\" class=\"attachment-full size-full wp-image-4119\" alt=\"\" srcset=\"https:\/\/ikonvilla.com\/wp-content\/uploads\/2023\/01\/1_hakkinda.jpeg 998w, https:\/\/ikonvilla.com\/wp-content\/uploads\/2023\/01\/1_hakkinda-768x788.jpeg 768w, https:\/\/ikonvilla.com\/wp-content\/uploads\/2023\/01\/1_hakkinda-12x12.jpeg 12w\" sizes=\"(max-width: 998px) 100vw, 998px\" \/>\t\t\t\t\t\t\t\t\t\t\t\t\t\t\t<\/div>\n\t\t\t\t<\/div>\n\t\t\t\t<\/div>\n\t\t<div class=\"elementor-element elementor-element-0da4398 e-con-full e-flex e-con e-child\" data-id=\"0da4398\" data-element_type=\"container\" data-e-type=\"container\">\n\t\t\t\t<div class=\"elementor-element elementor-element-819a082 elementor-widget elementor-widget-image\" data-id=\"819a082\" data-element_type=\"widget\" data-e-type=\"widget\" data-widget_type=\"image.default\">\n\t\t\t\t<div class=\"elementor-widget-container\">\n\t\t\t\t\t\t\t\t\t\t\t\t\t\t\t<img decoding=\"async\" width=\"1024\" height=\"1021\" src=\"https:\/\/ikonvilla.com\/wp-content\/uploads\/2023\/01\/1.jpeg\" class=\"attachment-full size-full wp-image-4118\" alt=\"\" srcset=\"https:\/\/ikonvilla.com\/wp-content\/uploads\/2023\/01\/1.jpeg 1024w, https:\/\/ikonvilla.com\/wp-content\/uploads\/2023\/01\/1-768x766.jpeg 768w, https:\/\/ikonvilla.com\/wp-content\/uploads\/2023\/01\/1-12x12.jpeg 12w\" sizes=\"(max-width: 1024px) 100vw, 1024px\" \/>\t\t\t\t\t\t\t\t\t\t\t\t\t\t\t<\/div>\n\t\t\t\t<\/div>\n\t\t\t\t<\/div>\n\t\t<div class=\"elementor-element elementor-element-d3facab e-con-full e-flex e-con e-child\" data-id=\"d3facab\" data-element_type=\"container\" data-e-type=\"container\">\n\t\t\t\t<div class=\"elementor-element elementor-element-c347952 elementor-widget elementor-widget-image\" data-id=\"c347952\" data-element_type=\"widget\" data-e-type=\"widget\" data-widget_type=\"image.default\">\n\t\t\t\t<div class=\"elementor-widget-container\">\n\t\t\t\t\t\t\t\t\t\t\t\t\t\t\t<img loading=\"lazy\" decoding=\"async\" width=\"1024\" height=\"1004\" src=\"https:\/\/ikonvilla.com\/wp-content\/uploads\/2023\/01\/3_misyon.jpeg\" class=\"attachment-full size-full wp-image-4120\" alt=\"\" srcset=\"https:\/\/ikonvilla.com\/wp-content\/uploads\/2023\/01\/3_misyon.jpeg 1024w, https:\/\/ikonvilla.com\/wp-content\/uploads\/2023\/01\/3_misyon-768x753.jpeg 768w, https:\/\/ikonvilla.com\/wp-content\/uploads\/2023\/01\/3_misyon-12x12.jpeg 12w\" sizes=\"(max-width: 1024px) 100vw, 1024px\" \/>\t\t\t\t\t\t\t\t\t\t\t\t\t\t\t<\/div>\n\t\t\t\t<\/div>\n\t\t\t\t<\/div>\n\t\t\t\t\t<\/div>\n\t\t\t\t<\/div>\n\t\t<div class=\"elementor-element elementor-element-9cc58b7 e-flex e-con-boxed e-con e-parent\" data-id=\"9cc58b7\" data-element_type=\"container\" data-e-type=\"container\">\n\t\t\t\t\t<div class=\"e-con-inner\">\n\t\t<div class=\"elementor-element elementor-element-37af2f6 e-con-full e-flex e-con e-child\" data-id=\"37af2f6\" data-element_type=\"container\" data-e-type=\"container\">\n\t\t\t\t<div class=\"elementor-element elementor-element-45c753d elementor-widget elementor-widget-text-editor\" data-id=\"45c753d\" data-element_type=\"widget\" data-e-type=\"widget\" data-widget_type=\"text-editor.default\">\n\t\t\t\t<div class=\"elementor-widget-container\">\n\t\t\t\t\t\t\t\t\t<h2>OUR QUALITY POLICY<\/h2><p>To take \u201cQUALITY\u201d as an indispensable base.<\/p><p>To create an understanding of service that does not settle with certain level of \u201cQUALITY\u201d<\/p><p>To follow the technological advances and renew the equipment needed in accordance with them.<\/p><p>To realize consistent expansion by making the greatest investment in knowledge and our experienced team.<\/p><p>To give all employees education on the awareness of occupational health and safety.<\/p><p>To abide by Quality, Environment OHS Management System Conditions, legal obligations and other necessities in the business and perpetually improve these conditions.<\/p><p>To take the precautions during business planing and production to minimize the effects that may harm health and environment.<\/p><p>To take perpetual improvement as a principle in all areas.<\/p>\t\t\t\t\t\t\t\t<\/div>\n\t\t\t\t<\/div>\n\t\t\t\t<\/div>\n\t\t<div class=\"elementor-element elementor-element-2a5288b e-con-full e-flex e-con e-child\" data-id=\"2a5288b\" data-element_type=\"container\" data-e-type=\"container\">\n\t\t\t\t<div class=\"elementor-element elementor-element-b58879b elementor-widget elementor-widget-image\" data-id=\"b58879b\" data-element_type=\"widget\" data-e-type=\"widget\" data-widget_type=\"image.default\">\n\t\t\t\t<div class=\"elementor-widget-container\">\n\t\t\t\t\t\t\t\t\t\t\t\t\t\t\t<img loading=\"lazy\" decoding=\"async\" width=\"397\" height=\"335\" src=\"https:\/\/ikonvilla.com\/wp-content\/uploads\/2022\/05\/1-3.jpg\" class=\"attachment-full size-full wp-image-3503\" alt=\"\" \/>\t\t\t\t\t\t\t\t\t\t\t\t\t\t\t<\/div>\n\t\t\t\t<\/div>\n\t\t\t\t<\/div>\n\t\t\t\t\t<\/div>\n\t\t\t\t<\/div>\n\t\t<div class=\"elementor-element elementor-element-f7118c2 e-flex e-con-boxed e-con e-parent\" data-id=\"f7118c2\" data-element_type=\"container\" data-e-type=\"container\">\n\t\t\t\t\t<div class=\"e-con-inner\">\n\t\t<div class=\"elementor-element elementor-element-832b9a6 e-con-full e-flex e-con e-child\" data-id=\"832b9a6\" data-element_type=\"container\" data-e-type=\"container\">\n\t\t\t\t<div class=\"elementor-element elementor-element-65cbb22 elementor-widget elementor-widget-text-editor\" data-id=\"65cbb22\" data-element_type=\"widget\" data-e-type=\"widget\" data-widget_type=\"text-editor.default\">\n\t\t\t\t<div class=\"elementor-widget-container\">\n\t\t\t\t\t\t\t\t\tYou can find us on top by searching \u00e7elik ev, \u00e7elik villa, \u00e7elik prefabrik ev, \u00e7elik ev fiyatlar\u0131, \u00e7elik ev ankara, \u00e7elik ev 2019 modeller,  \u00e7elik villa fiyatlar\u0131 ve modelleri, modern \u00e7elik villa, a\u011f\u0131r \u00e7elik villa, \u00e7elik ev fiyatlar\u0131 2018, dubleks \u00e7elik evler, \u00e7elik konstr\u00fcksiyon ev fiyatlar\u0131 2018,\u00e7elik konstr\u00fcksiyon ev fiyatlar\u0131 2019, \u00e7elik konstr\u00fcksiyon fiyatlar\u0131 2018, \u00e7elik konstr\u00fcksiyon fiyatlar\u0131 2020, prefabrik ev fiyatlar\u0131 ankara, prefabrik ev ankara kazan, prefabrik ev fiyatlar\u0131 ankara g\u00f6lba\u015f\u0131, prefabrik ev fiyatlar\u0131 ve modelleri, emir prefabrik ev ankara yenimahalle\/ankara, prefabrik ev fiyatlar\u0131 \u00e7orum, tek katl\u0131 prefabrik ev fiyatlar\u0131, prefabrik ev projeleri, ankara prefabrik, prefabrik ankara via Google.\t\t\t\t\t\t\t\t<\/div>\n\t\t\t\t<\/div>\n\t\t\t\t<\/div>\n\t\t\t\t\t<\/div>\n\t\t\t\t<\/div>\n\t\t\t\t<\/div>","protected":false},"excerpt":{"rendered":"<p>Biz Kimiz? \u0130leri teknoloji ve \u00fcst\u00fcn kalite anlay\u0131\u015f\u0131 ile prefabrik yap\u0131 \u00fcretimi yapan \u0130kon Prefabrik &amp; \u00c7elik Yap\u0131, 1997 y\u0131l\u0131nda \u00fcretime ba\u015flam\u0131\u015ft\u0131r. Vizyonu ve kendini yenileyen yap\u0131s\u0131 ile, kalite ve m\u00fc\u015fteri memnuniyeti ilkelerinden \u00f6d\u00fcn vermeden sekt\u00f6rde ilerleyi\u015fini s\u00fcrd\u00fcrmektedir. \u0130kon Prefabrik &amp; \u00c7elik Yap\u0131 b\u00fcnyesindeki Teknik Ofis ve AR-GE grubu; s\u00fcrekli olarak yeni \u00fcr\u00fcn tasar\u0131m\u0131 ve [&hellip;]<\/p>\n","protected":false},"author":1,"featured_media":0,"parent":0,"menu_order":0,"comment_status":"closed","ping_status":"closed","template":"","meta":{"footnotes":""},"class_list":["post-162","page","type-page","status-publish","hentry"],"aioseo_notices":[],"_links":{"self":[{"href":"https:\/\/ikonvilla.com\/en\/wp-json\/wp\/v2\/pages\/162","targetHints":{"allow":["GET"]}}],"collection":[{"href":"https:\/\/ikonvilla.com\/en\/wp-json\/wp\/v2\/pages"}],"about":[{"href":"https:\/\/ikonvilla.com\/en\/wp-json\/wp\/v2\/types\/page"}],"author":[{"embeddable":true,"href":"https:\/\/ikonvilla.com\/en\/wp-json\/wp\/v2\/users\/1"}],"replies":[{"embeddable":true,"href":"https:\/\/ikonvilla.com\/en\/wp-json\/wp\/v2\/comments?post=162"}],"version-history":[{"count":67,"href":"https:\/\/ikonvilla.com\/en\/wp-json\/wp\/v2\/pages\/162\/revisions"}],"predecessor-version":[{"id":4493,"href":"https:\/\/ikonvilla.com\/en\/wp-json\/wp\/v2\/pages\/162\/revisions\/4493"}],"wp:attachment":[{"href":"https:\/\/ikonvilla.com\/en\/wp-json\/wp\/v2\/media?parent=162"}],"curies":[{"name":"wp","href":"https:\/\/api.w.org\/{rel}","templated":true}]}}