{"id":171,"date":"2019-03-13T06:44:12","date_gmt":"2019-03-13T06:44:12","guid":{"rendered":"http:\/\/localhost\/buildbench\/?page_id=171"},"modified":"2025-07-24T19:09:25","modified_gmt":"2025-07-24T19:09:25","slug":"basinda-biz","status":"publish","type":"page","link":"https:\/\/ikonvilla.com\/de\/basinda-biz\/","title":{"rendered":"WIR IN DER PRESSE"},"content":{"rendered":"<div data-elementor-type=\"wp-post\" data-elementor-id=\"171\" class=\"elementor elementor-171\" data-elementor-post-type=\"page\">\n\t\t\t\t\t\t<section class=\"elementor-section elementor-top-section elementor-element elementor-element-6e48d06 elementor-section-boxed elementor-section-height-default elementor-section-height-default\" data-id=\"6e48d06\" data-element_type=\"section\" data-e-type=\"section\">\n\t\t\t\t\t\t<div class=\"elementor-container elementor-column-gap-default\">\n\t\t\t\t\t<div class=\"elementor-column elementor-col-100 elementor-top-column elementor-element elementor-element-4237353\" data-id=\"4237353\" data-element_type=\"column\" data-e-type=\"column\">\n\t\t\t<div class=\"elementor-widget-wrap elementor-element-populated\">\n\t\t\t\t\t\t<div class=\"elementor-element elementor-element-b785580 elementor-headline--style-highlight elementor-widget elementor-widget-animated-headline\" data-id=\"b785580\" data-element_type=\"widget\" data-e-type=\"widget\" data-settings=\"{&quot;marker&quot;:&quot;underline_zigzag&quot;,&quot;highlighted_text&quot;:&quot;\\u0130kon Prefabrik &amp; \\u00c7elik Yap\\u0131&quot;,&quot;headline_style&quot;:&quot;highlight&quot;,&quot;loop&quot;:&quot;yes&quot;,&quot;highlight_animation_duration&quot;:1200,&quot;highlight_iteration_delay&quot;:8000}\" data-widget_type=\"animated-headline.default\">\n\t\t\t\t<div class=\"elementor-widget-container\">\n\t\t\t\t\t\t\t<p class=\"elementor-headline\">\n\t\t\t\t<span class=\"elementor-headline-dynamic-wrapper elementor-headline-text-wrapper\">\n\t\t\t\t\t<span class=\"elementor-headline-dynamic-text elementor-headline-text-active\">\u0130kon Prefabrik &amp; \u00c7elik Yap\u0131<\/span>\n\t\t\t\t<\/span>\n\t\t\t\t\t<span class=\"elementor-headline-plain-text elementor-headline-text-wrapper\">Wir versuchen aktiv, unsere steigende Qualit\u00e4t und unsere endlose Energie in visuellen und sozialen Medien zu erhalten.<\/span>\n\t\t\t\t\t<\/p>\n\t\t\t\t\t\t<\/div>\n\t\t\t\t<\/div>\n\t\t\t\t\t<\/div>\n\t\t<\/div>\n\t\t\t\t\t<\/div>\n\t\t<\/section>\n\t\t\t\t<section class=\"elementor-section elementor-top-section elementor-element elementor-element-7a31a9c elementor-section-boxed elementor-section-height-default elementor-section-height-default\" data-id=\"7a31a9c\" data-element_type=\"section\" data-e-type=\"section\">\n\t\t\t\t\t\t<div class=\"elementor-container elementor-column-gap-wider\">\n\t\t\t\t\t<div class=\"elementor-column elementor-col-50 elementor-top-column elementor-element elementor-element-646637d\" data-id=\"646637d\" data-element_type=\"column\" data-e-type=\"column\">\n\t\t\t<div class=\"elementor-widget-wrap elementor-element-populated\">\n\t\t\t\t\t\t<div class=\"elementor-element elementor-element-5d4b526 elementor-widget elementor-widget-image\" data-id=\"5d4b526\" data-element_type=\"widget\" data-e-type=\"widget\" data-widget_type=\"image.default\">\n\t\t\t\t<div class=\"elementor-widget-container\">\n\t\t\t\t\t\t\t\t\t\t\t\t\t\t\t\t<a href=\"https:\/\/www.magdergi.com\/\" target=\"_blank\" rel=\"nofollow\">\n\t\t\t\t\t\t\t<img fetchpriority=\"high\" decoding=\"async\" width=\"433\" height=\"557\" src=\"https:\/\/ikonvilla.com\/wp-content\/uploads\/2022\/05\/basin1.jpg\" class=\"attachment-full size-full wp-image-3529\" alt=\"\" \/>\t\t\t\t\t\t\t\t<\/a>\n\t\t\t\t\t\t\t\t\t\t\t\t\t\t\t<\/div>\n\t\t\t\t<\/div>\n\t\t\t\t\t<\/div>\n\t\t<\/div>\n\t\t\t\t<div class=\"elementor-column elementor-col-50 elementor-top-column elementor-element elementor-element-621148f\" data-id=\"621148f\" data-element_type=\"column\" data-e-type=\"column\">\n\t\t\t<div class=\"elementor-widget-wrap elementor-element-populated\">\n\t\t\t\t\t\t<div class=\"elementor-element elementor-element-ec32561 elementor-widget elementor-widget-image\" data-id=\"ec32561\" data-element_type=\"widget\" data-e-type=\"widget\" data-widget_type=\"image.default\">\n\t\t\t\t<div class=\"elementor-widget-container\">\n\t\t\t\t\t\t\t\t\t\t\t\t\t\t\t\t<a href=\"http:\/\/ikonvilla.com\/wp-content\/uploads\/2022\/05\/basin2.jpg\" data-elementor-open-lightbox=\"yes\" data-elementor-lightbox-title=\"basin2\" data-e-action-hash=\"#elementor-action%3Aaction%3Dlightbox%26settings%3DeyJpZCI6MzUzMCwidXJsIjoiaHR0cHM6XC9cL2lrb252aWxsYS5jb21cL3dwLWNvbnRlbnRcL3VwbG9hZHNcLzIwMjJcLzA1XC9iYXNpbjIuanBnIn0%3D\">\n\t\t\t\t\t\t\t<img decoding=\"async\" width=\"433\" height=\"557\" src=\"https:\/\/ikonvilla.com\/wp-content\/uploads\/2022\/05\/basin2.jpg\" class=\"attachment-full size-full wp-image-3530\" alt=\"\" \/>\t\t\t\t\t\t\t\t<\/a>\n\t\t\t\t\t\t\t\t\t\t\t\t\t\t\t<\/div>\n\t\t\t\t<\/div>\n\t\t\t\t\t<\/div>\n\t\t<\/div>\n\t\t\t\t\t<\/div>\n\t\t<\/section>\n\t\t\t\t<section class=\"elementor-section elementor-top-section elementor-element elementor-element-4b33d3e elementor-section-boxed elementor-section-height-default elementor-section-height-default\" data-id=\"4b33d3e\" data-element_type=\"section\" data-e-type=\"section\">\n\t\t\t\t\t\t<div class=\"elementor-container elementor-column-gap-wider\">\n\t\t\t\t\t<div class=\"elementor-column elementor-col-100 elementor-top-column elementor-element elementor-element-10fce76\" data-id=\"10fce76\" data-element_type=\"column\" data-e-type=\"column\">\n\t\t\t<div class=\"elementor-widget-wrap elementor-element-populated\">\n\t\t\t\t\t\t<div class=\"elementor-element elementor-element-7d31fad elementor-widget elementor-widget-image\" data-id=\"7d31fad\" data-element_type=\"widget\" data-e-type=\"widget\" data-widget_type=\"image.default\">\n\t\t\t\t<div class=\"elementor-widget-container\">\n\t\t\t\t\t\t\t\t\t\t\t\t\t\t\t\t<a href=\"http:\/\/ikonvilla.com\/wp-content\/uploads\/2022\/05\/basin3.jpg\" data-elementor-open-lightbox=\"yes\" data-elementor-lightbox-title=\"basin3\" data-e-action-hash=\"#elementor-action%3Aaction%3Dlightbox%26settings%3DeyJpZCI6MzUzMSwidXJsIjoiaHR0cHM6XC9cL2lrb252aWxsYS5jb21cL3dwLWNvbnRlbnRcL3VwbG9hZHNcLzIwMjJcLzA1XC9iYXNpbjMuanBnIn0%3D\">\n\t\t\t\t\t\t\t<img decoding=\"async\" width=\"1382\" height=\"893\" src=\"https:\/\/ikonvilla.com\/wp-content\/uploads\/2022\/05\/basin3.jpg\" class=\"attachment-full size-full wp-image-3531\" alt=\"\" srcset=\"https:\/\/ikonvilla.com\/wp-content\/uploads\/2022\/05\/basin3.jpg 1382w, https:\/\/ikonvilla.com\/wp-content\/uploads\/2022\/05\/basin3-768x496.jpg 768w\" sizes=\"(max-width: 1382px) 100vw, 1382px\" \/>\t\t\t\t\t\t\t\t<\/a>\n\t\t\t\t\t\t\t\t\t\t\t\t\t\t\t<\/div>\n\t\t\t\t<\/div>\n\t\t\t\t\t<\/div>\n\t\t<\/div>\n\t\t\t\t\t<\/div>\n\t\t<\/section>\n\t\t\t\t<section class=\"elementor-section elementor-top-section elementor-element elementor-element-0fedfa7 elementor-section-boxed elementor-section-height-default elementor-section-height-default\" data-id=\"0fedfa7\" data-element_type=\"section\" data-e-type=\"section\">\n\t\t\t\t\t\t<div class=\"elementor-container elementor-column-gap-wider\">\n\t\t\t\t\t<div class=\"elementor-column elementor-col-100 elementor-top-column elementor-element elementor-element-1080049\" data-id=\"1080049\" data-element_type=\"column\" data-e-type=\"column\">\n\t\t\t<div class=\"elementor-widget-wrap elementor-element-populated\">\n\t\t\t\t\t\t<div class=\"elementor-element elementor-element-d6460f7 elementor-widget elementor-widget-image\" data-id=\"d6460f7\" data-element_type=\"widget\" data-e-type=\"widget\" data-widget_type=\"image.default\">\n\t\t\t\t<div class=\"elementor-widget-container\">\n\t\t\t\t\t\t\t\t\t\t\t\t\t\t\t\t<a href=\"http:\/\/ikonvilla.com\/wp-content\/uploads\/2022\/05\/basin4.jpg\" data-elementor-open-lightbox=\"yes\" data-elementor-lightbox-title=\"basin4\" data-e-action-hash=\"#elementor-action%3Aaction%3Dlightbox%26settings%3DeyJpZCI6MzUzMiwidXJsIjoiaHR0cHM6XC9cL2lrb252aWxsYS5jb21cL3dwLWNvbnRlbnRcL3VwbG9hZHNcLzIwMjJcLzA1XC9iYXNpbjQuanBnIn0%3D\">\n\t\t\t\t\t\t\t<img loading=\"lazy\" decoding=\"async\" width=\"1382\" height=\"893\" src=\"https:\/\/ikonvilla.com\/wp-content\/uploads\/2022\/05\/basin4.jpg\" class=\"attachment-full size-full wp-image-3532\" alt=\"\" srcset=\"https:\/\/ikonvilla.com\/wp-content\/uploads\/2022\/05\/basin4.jpg 1382w, https:\/\/ikonvilla.com\/wp-content\/uploads\/2022\/05\/basin4-768x496.jpg 768w\" sizes=\"(max-width: 1382px) 100vw, 1382px\" \/>\t\t\t\t\t\t\t\t<\/a>\n\t\t\t\t\t\t\t\t\t\t\t\t\t\t\t<\/div>\n\t\t\t\t<\/div>\n\t\t\t\t\t<\/div>\n\t\t<\/div>\n\t\t\t\t\t<\/div>\n\t\t<\/section>\n\t\t\t\t<section class=\"elementor-section elementor-top-section elementor-element elementor-element-563c161 elementor-section-boxed elementor-section-height-default elementor-section-height-default\" data-id=\"563c161\" data-element_type=\"section\" data-e-type=\"section\">\n\t\t\t\t\t\t<div class=\"elementor-container elementor-column-gap-wider\">\n\t\t\t\t\t<div class=\"elementor-column elementor-col-100 elementor-top-column elementor-element elementor-element-9167a1c\" data-id=\"9167a1c\" data-element_type=\"column\" data-e-type=\"column\">\n\t\t\t<div class=\"elementor-widget-wrap elementor-element-populated\">\n\t\t\t\t\t\t<div class=\"elementor-element elementor-element-7f927e9 elementor-widget elementor-widget-image\" data-id=\"7f927e9\" data-element_type=\"widget\" data-e-type=\"widget\" data-widget_type=\"image.default\">\n\t\t\t\t<div class=\"elementor-widget-container\">\n\t\t\t\t\t\t\t\t\t\t\t\t\t\t\t\t<a href=\"http:\/\/ikonvilla.com\/wp-content\/uploads\/2022\/05\/basin5.jpg\" data-elementor-open-lightbox=\"yes\" data-elementor-lightbox-title=\"basin5\" data-e-action-hash=\"#elementor-action%3Aaction%3Dlightbox%26settings%3DeyJpZCI6MzUzMywidXJsIjoiaHR0cHM6XC9cL2lrb252aWxsYS5jb21cL3dwLWNvbnRlbnRcL3VwbG9hZHNcLzIwMjJcLzA1XC9iYXNpbjUuanBnIn0%3D\">\n\t\t\t\t\t\t\t<img loading=\"lazy\" decoding=\"async\" width=\"1382\" height=\"1954\" src=\"https:\/\/ikonvilla.com\/wp-content\/uploads\/2022\/05\/basin5.jpg\" class=\"attachment-full size-full wp-image-3533\" alt=\"\" srcset=\"https:\/\/ikonvilla.com\/wp-content\/uploads\/2022\/05\/basin5.jpg 1382w, https:\/\/ikonvilla.com\/wp-content\/uploads\/2022\/05\/basin5-768x1086.jpg 768w, https:\/\/ikonvilla.com\/wp-content\/uploads\/2022\/05\/basin5-1086x1536.jpg 1086w\" sizes=\"(max-width: 1382px) 100vw, 1382px\" \/>\t\t\t\t\t\t\t\t<\/a>\n\t\t\t\t\t\t\t\t\t\t\t\t\t\t\t<\/div>\n\t\t\t\t<\/div>\n\t\t\t\t\t<\/div>\n\t\t<\/div>\n\t\t\t\t\t<\/div>\n\t\t<\/section>\n\t\t\t\t<section class=\"elementor-section elementor-top-section elementor-element elementor-element-a5dc204 elementor-section-boxed elementor-section-height-default elementor-section-height-default\" data-id=\"a5dc204\" data-element_type=\"section\" data-e-type=\"section\">\n\t\t\t\t\t\t<div class=\"elementor-container elementor-column-gap-wider\">\n\t\t\t\t\t<div class=\"elementor-column elementor-col-100 elementor-top-column elementor-element elementor-element-aaca0ec\" data-id=\"aaca0ec\" data-element_type=\"column\" data-e-type=\"column\">\n\t\t\t<div class=\"elementor-widget-wrap elementor-element-populated\">\n\t\t\t\t\t\t<div class=\"elementor-element elementor-element-0d8300e elementor-widget elementor-widget-image\" data-id=\"0d8300e\" data-element_type=\"widget\" data-e-type=\"widget\" data-widget_type=\"image.default\">\n\t\t\t\t<div class=\"elementor-widget-container\">\n\t\t\t\t\t\t\t\t\t\t\t\t\t\t\t\t<a href=\"http:\/\/ikonvilla.com\/wp-content\/uploads\/2022\/05\/basin6.jpg\" data-elementor-open-lightbox=\"yes\" data-elementor-lightbox-title=\"basin6\" data-e-action-hash=\"#elementor-action%3Aaction%3Dlightbox%26settings%3DeyJpZCI6MzUzNCwidXJsIjoiaHR0cHM6XC9cL2lrb252aWxsYS5jb21cL3dwLWNvbnRlbnRcL3VwbG9hZHNcLzIwMjJcLzA1XC9iYXNpbjYuanBnIn0%3D\">\n\t\t\t\t\t\t\t<img loading=\"lazy\" decoding=\"async\" width=\"1382\" height=\"1014\" src=\"https:\/\/ikonvilla.com\/wp-content\/uploads\/2022\/05\/basin6.jpg\" class=\"attachment-full size-full wp-image-3534\" alt=\"\" srcset=\"https:\/\/ikonvilla.com\/wp-content\/uploads\/2022\/05\/basin6.jpg 1382w, https:\/\/ikonvilla.com\/wp-content\/uploads\/2022\/05\/basin6-768x563.jpg 768w\" sizes=\"(max-width: 1382px) 100vw, 1382px\" \/>\t\t\t\t\t\t\t\t<\/a>\n\t\t\t\t\t\t\t\t\t\t\t\t\t\t\t<\/div>\n\t\t\t\t<\/div>\n\t\t\t\t\t<\/div>\n\t\t<\/div>\n\t\t\t\t\t<\/div>\n\t\t<\/section>\n\t\t\t\t<\/div>","protected":false},"excerpt":{"rendered":"<p>\u0130kon Prefabrik &amp; \u00c7elik Yap\u0131 olarak y\u00fckselen kalitemizi ve bitmek bilmeyen enerjimizi g\u00f6rsel ve sosyal medyada aktif olarak s\u00fcrd\u00fcrmeye \u00e7al\u0131\u015f\u0131yoruz.<\/p>","protected":false},"author":1,"featured_media":0,"parent":0,"menu_order":0,"comment_status":"closed","ping_status":"closed","template":"","meta":{"footnotes":""},"class_list":["post-171","page","type-page","status-publish","hentry"],"aioseo_notices":[],"_links":{"self":[{"href":"https:\/\/ikonvilla.com\/de\/wp-json\/wp\/v2\/pages\/171","targetHints":{"allow":["GET"]}}],"collection":[{"href":"https:\/\/ikonvilla.com\/de\/wp-json\/wp\/v2\/pages"}],"about":[{"href":"https:\/\/ikonvilla.com\/de\/wp-json\/wp\/v2\/types\/page"}],"author":[{"embeddable":true,"href":"https:\/\/ikonvilla.com\/de\/wp-json\/wp\/v2\/users\/1"}],"replies":[{"embeddable":true,"href":"https:\/\/ikonvilla.com\/de\/wp-json\/wp\/v2\/comments?post=171"}],"version-history":[{"count":59,"href":"https:\/\/ikonvilla.com\/de\/wp-json\/wp\/v2\/pages\/171\/revisions"}],"predecessor-version":[{"id":4508,"href":"https:\/\/ikonvilla.com\/de\/wp-json\/wp\/v2\/pages\/171\/revisions\/4508"}],"wp:attachment":[{"href":"https:\/\/ikonvilla.com\/de\/wp-json\/wp\/v2\/media?parent=171"}],"curies":[{"name":"wp","href":"https:\/\/api.w.org\/{rel}","templated":true}]}}