{"id":167,"date":"2019-03-13T06:42:48","date_gmt":"2019-03-13T06:42:48","guid":{"rendered":"http:\/\/localhost\/buildbench\/?page_id=167"},"modified":"2025-07-24T18:28:33","modified_gmt":"2025-07-24T18:28:33","slug":"neler-yaptik","status":"publish","type":"page","link":"https:\/\/ikonvilla.com\/de\/neler-yaptik\/","title":{"rendered":"WAS HABEN WIR GEMACHT"},"content":{"rendered":"<div data-elementor-type=\"wp-post\" data-elementor-id=\"167\" class=\"elementor elementor-167\" data-elementor-post-type=\"page\">\n\t\t\t\t\t\t<section class=\"elementor-section elementor-top-section elementor-element elementor-element-3cbe9e4 elementor-section-boxed elementor-section-height-default elementor-section-height-default\" data-id=\"3cbe9e4\" data-element_type=\"section\" data-e-type=\"section\">\n\t\t\t\t\t\t<div class=\"elementor-container elementor-column-gap-wider\">\n\t\t\t\t\t<div class=\"elementor-column elementor-col-100 elementor-top-column elementor-element elementor-element-30f1535\" data-id=\"30f1535\" data-element_type=\"column\" data-e-type=\"column\">\n\t\t\t<div class=\"elementor-widget-wrap elementor-element-populated\">\n\t\t\t\t\t\t<div class=\"elementor-element elementor-element-2b2d764 elementor-widget elementor-widget-image-carousel\" data-id=\"2b2d764\" data-element_type=\"widget\" data-e-type=\"widget\" data-settings=\"{&quot;slides_to_show&quot;:&quot;5&quot;,&quot;slides_to_scroll&quot;:&quot;1&quot;,&quot;navigation&quot;:&quot;none&quot;,&quot;image_spacing_custom&quot;:{&quot;unit&quot;:&quot;px&quot;,&quot;size&quot;:45,&quot;sizes&quot;:[]},&quot;slides_to_show_tablet&quot;:&quot;3&quot;,&quot;autoplay&quot;:&quot;yes&quot;,&quot;pause_on_hover&quot;:&quot;yes&quot;,&quot;pause_on_interaction&quot;:&quot;yes&quot;,&quot;autoplay_speed&quot;:5000,&quot;infinite&quot;:&quot;yes&quot;,&quot;speed&quot;:500,&quot;image_spacing_custom_tablet&quot;:{&quot;unit&quot;:&quot;px&quot;,&quot;size&quot;:&quot;&quot;,&quot;sizes&quot;:[]},&quot;image_spacing_custom_mobile&quot;:{&quot;unit&quot;:&quot;px&quot;,&quot;size&quot;:&quot;&quot;,&quot;sizes&quot;:[]}}\" data-widget_type=\"image-carousel.default\">\n\t\t\t\t<div class=\"elementor-widget-container\">\n\t\t\t\t\t\t\t<div class=\"elementor-image-carousel-wrapper swiper\" role=\"region\" aria-roledescription=\"carousel\" aria-label=\"Resim D\u00f6ng\u00fcs\u00fc\" dir=\"ltr\">\n\t\t\t<div class=\"elementor-image-carousel swiper-wrapper\" aria-live=\"off\">\n\t\t\t\t\t\t\t\t<div class=\"swiper-slide\" role=\"group\" aria-roledescription=\"slide\" aria-label=\"1 \/ 5\"><figure class=\"swiper-slide-inner\"><img decoding=\"async\" class=\"swiper-slide-image\" src=\"https:\/\/ikonvilla.com\/wp-content\/uploads\/2022\/05\/1-gunes.png\" alt=\"1-gunes\" \/><\/figure><\/div><div class=\"swiper-slide\" role=\"group\" aria-roledescription=\"slide\" aria-label=\"2 \/ 5\"><figure class=\"swiper-slide-inner\"><img decoding=\"async\" class=\"swiper-slide-image\" src=\"https:\/\/ikonvilla.com\/wp-content\/uploads\/2022\/05\/2-limak.jpg\" alt=\"2-limak\" \/><\/figure><\/div><div class=\"swiper-slide\" role=\"group\" aria-roledescription=\"slide\" aria-label=\"3 \/ 5\"><figure class=\"swiper-slide-inner\"><img decoding=\"async\" class=\"swiper-slide-image\" src=\"https:\/\/ikonvilla.com\/wp-content\/uploads\/2022\/05\/3-mb.png\" alt=\"3-mb\" \/><\/figure><\/div><div class=\"swiper-slide\" role=\"group\" aria-roledescription=\"slide\" aria-label=\"4 \/ 5\"><figure class=\"swiper-slide-inner\"><img decoding=\"async\" class=\"swiper-slide-image\" src=\"https:\/\/ikonvilla.com\/wp-content\/uploads\/2022\/05\/4-podium.png\" alt=\"4-podium\" \/><\/figure><\/div><div class=\"swiper-slide\" role=\"group\" aria-roledescription=\"slide\" aria-label=\"5 \/ 5\"><figure class=\"swiper-slide-inner\"><img decoding=\"async\" class=\"swiper-slide-image\" src=\"https:\/\/ikonvilla.com\/wp-content\/uploads\/2022\/05\/5-safe.png\" alt=\"5-safe\" \/><\/figure><\/div>\t\t\t<\/div>\n\t\t\t\t\t\t\t\n\t\t\t\t\t\t\t\t\t<\/div>\n\t\t\t\t\t\t<\/div>\n\t\t\t\t<\/div>\n\t\t\t\t\t<\/div>\n\t\t<\/div>\n\t\t\t\t\t<\/div>\n\t\t<\/section>\n\t\t\t\t<section class=\"elementor-section elementor-top-section elementor-element elementor-element-f5212d9 elementor-section-boxed elementor-section-height-default elementor-section-height-default\" data-id=\"f5212d9\" data-element_type=\"section\" data-e-type=\"section\">\n\t\t\t\t\t\t<div class=\"elementor-container elementor-column-gap-wider\">\n\t\t\t\t\t<div class=\"elementor-column elementor-col-50 elementor-top-column elementor-element elementor-element-0a131dd\" data-id=\"0a131dd\" data-element_type=\"column\" data-e-type=\"column\">\n\t\t\t<div class=\"elementor-widget-wrap elementor-element-populated\">\n\t\t\t\t\t\t<div class=\"elementor-element elementor-element-b94c27a elementor-widget elementor-widget-text-editor\" data-id=\"b94c27a\" data-element_type=\"widget\" data-e-type=\"widget\" data-widget_type=\"text-editor.default\">\n\t\t\t\t<div class=\"elementor-widget-container\">\n\t\t\t\t\t\t\t\t\t<p>TBMM<\/p><p>T\u00dcB\u0130TAK- SAGE<\/p><p>UMMAN B\u00dcY\u00dcKEL\u00c7\u0130L\u0130\u011e\u0130<\/p><p>\u0130NCEK TEK S\u0130TES\u0130<\/p><p>T\u00dcRK\u0130YE \u00c7OCUK CERRAH\u0130S\u0130 DERNE\u011e\u0130<\/p><p>T\u00dcRK KIZILAYI<\/p><p>KIRIKKALE KAPULUKAYA BARAJI<\/p><p>KAYRA TEKST\u0130L ANKARA<\/p><p>KAYA HOLD\u0130NG \u0130NCEK<\/p><p>UMMAN B\u00dcY\u00dcKEL\u00c7\u0130L\u0130\u011e\u0130<\/p><p>\u0130MER GRUP \u0130TALYA AKSARAY<\/p><p>GOP \u00dcN\u0130VERS\u0130TES\u0130<\/p><p>T\u00dcRK\u0130YE ATOM ENERJ\u0130 KURUMU SARAYK\u00d6Y ANKARA<\/p><p>SA\u011eLIK BAKANLI\u011eI<\/p><p>S\u0130NCAN DEVLET HASTANES\u0130<\/p><p>ET\u0130MESGUT DEVLET HASTANES\u0130<\/p><p>AB KORD\u0130NASYON MERKEZ\u0130<\/p><p>ADANA B\u00dcY\u00dcK\u015eEH\u0130R BELED\u0130YES\u0130<\/p><p>KARATAY BELED\u0130YES\u0130 KONYA<\/p><p>TCK KARAYOLLARI 29 \u015eANT\u0130YE KURULUMU<\/p><p>SAMSUN B\u00dcY\u00dcK\u015eEH\u0130R BELED\u0130YES\u0130<\/p><p>KIRIKKALE BELED\u0130YES\u0130<\/p><p>ALANYA BELED\u0130YES\u0130<\/p><p>KAYSER\u0130 MEL\u0130KGAZ\u0130 BELED\u0130YES\u0130<\/p><p>MAB\u0130S MEDENC\u0130L\u0130K BURSA<\/p><p>MAB \u0130N\u015eAAT ANKARA<\/p><p>MEB S\u0130NCAN L\u0130SES\u0130<\/p><p>YE\u015e\u0130L BELDE YAPI KOOP. \/ G\u00d6LBA\u015eI<\/p><p>PET YAPI KOOP. \/ E\u015eK\u0130\u015eEH\u0130R YOLU<\/p><p>\u0130K\u0130ZCE YAPI KOOP. \/ G\u00d6LBA\u015eI<\/p><p>\u00c7EVRE M\u0130MARLIK \u0130NCEK OF\u0130S B\u0130NASI \/ \u0130NCEK<\/p><p>N\u0130\u011eDE \u00dcN\u0130VERS\u0130TES\u0130<\/p><p>MANDACI \u0130N\u015e \/ BEYAZIT \u0130N\u015e. ORTAK G\u0130R\u0130\u015e\u0130M<\/p><p>SAFE GRUP A.\u015e. YILDIZ \/ \u00c7ANKAYA<\/p><p>EGE GRUP A.\u015e. \/ \u00c7ANKAYA<\/p><p>AGS M\u00dcHEND\u0130SL\u0130K LTD. \u015eT\u0130. \/ BALGAT<\/p>\t\t\t\t\t\t\t\t<\/div>\n\t\t\t\t<\/div>\n\t\t\t\t\t<\/div>\n\t\t<\/div>\n\t\t\t\t<div class=\"elementor-column elementor-col-50 elementor-top-column elementor-element elementor-element-b0bf809\" data-id=\"b0bf809\" data-element_type=\"column\" data-e-type=\"column\">\n\t\t\t<div class=\"elementor-widget-wrap elementor-element-populated\">\n\t\t\t\t\t\t<div class=\"elementor-element elementor-element-6b9d4c8 elementor-widget elementor-widget-text-editor\" data-id=\"6b9d4c8\" data-element_type=\"widget\" data-e-type=\"widget\" data-widget_type=\"text-editor.default\">\n\t\t\t\t<div class=\"elementor-widget-container\">\n\t\t\t\t\t\t\t\t\t<p>ANKARA \u0130N\u015eAAT A.\u015e. \u2013 \u00d6NDER CAVCAV \/ KONUTKENT<\/p><p>L\u0130MAK BETON<\/p><p>PODYUM AVM ANKARA<\/p><p>KOCATEPE KURUKAHVE MERKEZ OF\u0130S ANKARA<\/p><p>LOKAL ENERJ\u0130 ANKARA<\/p><p>KARPET A\u015e GENEL M\u00dcD\u00dcRL\u00dcK ANKARA<\/p><p>\u015eAHHANE S\u00d6\u011e\u00dcT\u00d6Z\u00dc<\/p><p>\u0130K\u0130ZCE \u00c7\u0130FTL\u0130K EVLER\u0130 ANKARA<\/p><p>ESENBEL YAPI KOOP ANKARA<\/p><p>BAH\u00c7EL\u0130EVLER YAPI KOOP<\/p><p>SAM \u00c7\u0130FTL\u0130\u011e\u0130 V\u0130LLALARI ANKARA<\/p><p>SARIDA\u011eLAR \u0130N\u015eAAT A\u015e<\/p><p>BEYAZ GRUP \/ KAZAN<\/p><p>AVDAN YAPI KOOP. \/ HASANO\u011eLAN<\/p><p>YURTKUR \u0130N\u015eAAT MALZEMELER\u0130 \/ S\u0130NCAN<\/p><p>\u00c7ALIK ENERJ\u0130 A.\u015e.<\/p><p>CASA DE MAR\u0130S OTEL\/ MARMAR\u0130S<\/p><p>MOGAN G\u00d6L YAPI KOOPERAT\u0130F\u0130<\/p><p>TOBB \u00dcN\u0130VERS\u0130TES\u0130<\/p><p>T.C \u0130\u00c7\u0130\u015eLER\u0130 BAKANLI\u011eI<\/p><p>ERM\u0130T OTEL<\/p><p>ERM\u0130T M\u00dcHEND\u0130SL\u0130K<\/p><p>HSY YAPI A.\u015e.<\/p><p>M\u0130RGAZ A.\u015e.<\/p><p>T.C MAL\u0130YE BAKANLI\u011eI<\/p><p>EGO GENEL M\u00dcD\u00dcRL\u00dc\u011e\u00dc<\/p><p>POD\u0130UM AVM<\/p><p>T.C YILDIRIM BEYAZIT \u00dcN\u0130VERS\u0130TES\u0130<\/p><p>G\u00dcNE\u015e S\u0130GORTA<\/p><p>K\u0130LER HOLD\u0130NG<\/p><p>SAVUNMA SANAY\u0130 M\u00dcSTE\u015eARLI\u011eI<\/p><p>CEVAT LOJ\u0130ST\u0130K A.\u015e.<\/p><p>DEN\u0130Z OTOMOT\u0130V \/ ANKARA<\/p><p>ANKAL\u0130FE REZ\u0130DANS SATI\u015e OF\u0130S\u0130<\/p><p>\u00dcNL\u00dc OTOMOT\u0130V \/ \u015eA\u015eMAZ<\/p><p>MUTLU YA\u015eAM KOLEJ\u0130 \/ YEN\u0130MAHALLE<\/p>\t\t\t\t\t\t\t\t<\/div>\n\t\t\t\t<\/div>\n\t\t\t\t\t<\/div>\n\t\t<\/div>\n\t\t\t\t\t<\/div>\n\t\t<\/section>\n\t\t\t\t<\/div>","protected":false},"excerpt":{"rendered":"<p>TBMM T\u00dcB\u0130TAK- SAGE UMMAN B\u00dcY\u00dcKEL\u00c7\u0130L\u0130\u011e\u0130 \u0130NCEK TEK S\u0130TES\u0130 T\u00dcRK\u0130YE \u00c7OCUK CERRAH\u0130S\u0130 DERNE\u011e\u0130 T\u00dcRK KIZILAYI KIRIKKALE KAPULUKAYA BARAJI KAYRA TEKST\u0130L ANKARA KAYA HOLD\u0130NG \u0130NCEK UMMAN B\u00dcY\u00dcKEL\u00c7\u0130L\u0130\u011e\u0130 \u0130MER GRUP \u0130TALYA AKSARAY GOP \u00dcN\u0130VERS\u0130TES\u0130 T\u00dcRK\u0130YE ATOM ENERJ\u0130 KURUMU SARAYK\u00d6Y ANKARA SA\u011eLIK BAKANLI\u011eI S\u0130NCAN DEVLET HASTANES\u0130 ET\u0130MESGUT DEVLET HASTANES\u0130 AB KORD\u0130NASYON MERKEZ\u0130 ADANA B\u00dcY\u00dcK\u015eEH\u0130R BELED\u0130YES\u0130 KARATAY BELED\u0130YES\u0130 KONYA TCK [&hellip;]<\/p>\n","protected":false},"author":1,"featured_media":0,"parent":0,"menu_order":0,"comment_status":"closed","ping_status":"closed","template":"","meta":{"footnotes":""},"class_list":["post-167","page","type-page","status-publish","hentry"],"aioseo_notices":[],"_links":{"self":[{"href":"https:\/\/ikonvilla.com\/de\/wp-json\/wp\/v2\/pages\/167","targetHints":{"allow":["GET"]}}],"collection":[{"href":"https:\/\/ikonvilla.com\/de\/wp-json\/wp\/v2\/pages"}],"about":[{"href":"https:\/\/ikonvilla.com\/de\/wp-json\/wp\/v2\/types\/page"}],"author":[{"embeddable":true,"href":"https:\/\/ikonvilla.com\/de\/wp-json\/wp\/v2\/users\/1"}],"replies":[{"embeddable":true,"href":"https:\/\/ikonvilla.com\/de\/wp-json\/wp\/v2\/comments?post=167"}],"version-history":[{"count":22,"href":"https:\/\/ikonvilla.com\/de\/wp-json\/wp\/v2\/pages\/167\/revisions"}],"predecessor-version":[{"id":4468,"href":"https:\/\/ikonvilla.com\/de\/wp-json\/wp\/v2\/pages\/167\/revisions\/4468"}],"wp:attachment":[{"href":"https:\/\/ikonvilla.com\/de\/wp-json\/wp\/v2\/media?parent=167"}],"curies":[{"name":"wp","href":"https:\/\/api.w.org\/{rel}","templated":true}]}}