{"id":164,"date":"2019-03-13T06:42:07","date_gmt":"2019-03-13T06:42:07","guid":{"rendered":"http:\/\/localhost\/buildbench\/?page_id=164"},"modified":"2025-07-24T18:28:38","modified_gmt":"2025-07-24T18:28:38","slug":"sikca-sorulan-sorular","status":"publish","type":"page","link":"https:\/\/ikonvilla.com\/de\/sikca-sorulan-sorular\/","title":{"rendered":"FAQ"},"content":{"rendered":"<div data-elementor-type=\"wp-post\" data-elementor-id=\"164\" class=\"elementor elementor-164\" data-elementor-post-type=\"page\">\n\t\t\t\t\t\t<section class=\"elementor-section elementor-top-section elementor-element elementor-element-9bdb7d8 elementor-section-boxed elementor-section-height-default elementor-section-height-default\" data-id=\"9bdb7d8\" data-element_type=\"section\" data-e-type=\"section\">\n\t\t\t\t\t\t<div class=\"elementor-container elementor-column-gap-wider\">\n\t\t\t\t\t<div class=\"elementor-column elementor-col-100 elementor-top-column elementor-element elementor-element-66eb1a4\" data-id=\"66eb1a4\" data-element_type=\"column\" data-e-type=\"column\">\n\t\t\t<div class=\"elementor-widget-wrap elementor-element-populated\">\n\t\t\t\t\t\t<div class=\"elementor-element elementor-element-71b0fc9 elementor-widget elementor-widget-heading\" data-id=\"71b0fc9\" data-element_type=\"widget\" data-e-type=\"widget\" data-widget_type=\"heading.default\">\n\t\t\t\t<div class=\"elementor-widget-container\">\n\t\t\t\t\t<h2 class=\"elementor-heading-title elementor-size-default\">PRODUKTION STAHLVILLEN<\/h2>\t\t\t\t<\/div>\n\t\t\t\t<\/div>\n\t\t\t\t\t<\/div>\n\t\t<\/div>\n\t\t\t\t\t<\/div>\n\t\t<\/section>\n\t\t\t\t<section class=\"elementor-section elementor-top-section elementor-element elementor-element-39d9db4 elementor-section-boxed elementor-section-height-default elementor-section-height-default\" data-id=\"39d9db4\" data-element_type=\"section\" data-e-type=\"section\">\n\t\t\t\t\t\t<div class=\"elementor-container elementor-column-gap-wider\">\n\t\t\t\t\t<div class=\"elementor-column elementor-col-33 elementor-top-column elementor-element elementor-element-c843735\" data-id=\"c843735\" data-element_type=\"column\" data-e-type=\"column\">\n\t\t\t<div class=\"elementor-widget-wrap elementor-element-populated\">\n\t\t\t\t\t\t<div class=\"elementor-element elementor-element-6810f13 elementor-widget elementor-widget-image\" data-id=\"6810f13\" data-element_type=\"widget\" data-e-type=\"widget\" data-widget_type=\"image.default\">\n\t\t\t\t<div class=\"elementor-widget-container\">\n\t\t\t\t\t\t\t\t\t\t\t\t\t\t\t<img fetchpriority=\"high\" decoding=\"async\" width=\"998\" height=\"1024\" src=\"https:\/\/ikonvilla.com\/wp-content\/uploads\/2023\/01\/1_hakkinda.jpeg\" class=\"attachment-full size-full wp-image-4119\" alt=\"\" srcset=\"https:\/\/ikonvilla.com\/wp-content\/uploads\/2023\/01\/1_hakkinda.jpeg 998w, https:\/\/ikonvilla.com\/wp-content\/uploads\/2023\/01\/1_hakkinda-768x788.jpeg 768w, https:\/\/ikonvilla.com\/wp-content\/uploads\/2023\/01\/1_hakkinda-12x12.jpeg 12w\" sizes=\"(max-width: 998px) 100vw, 998px\" \/>\t\t\t\t\t\t\t\t\t\t\t\t\t\t\t<\/div>\n\t\t\t\t<\/div>\n\t\t\t\t\t<\/div>\n\t\t<\/div>\n\t\t\t\t<div class=\"elementor-column elementor-col-33 elementor-top-column elementor-element elementor-element-d54038e\" data-id=\"d54038e\" data-element_type=\"column\" data-e-type=\"column\">\n\t\t\t<div class=\"elementor-widget-wrap elementor-element-populated\">\n\t\t\t\t\t\t<div class=\"elementor-element elementor-element-a028ca3 elementor-widget elementor-widget-image\" data-id=\"a028ca3\" data-element_type=\"widget\" data-e-type=\"widget\" data-widget_type=\"image.default\">\n\t\t\t\t<div class=\"elementor-widget-container\">\n\t\t\t\t\t\t\t\t\t\t\t\t\t\t\t<img decoding=\"async\" width=\"1024\" height=\"1021\" src=\"https:\/\/ikonvilla.com\/wp-content\/uploads\/2023\/01\/1.jpeg\" class=\"attachment-full size-full wp-image-4118\" alt=\"\" srcset=\"https:\/\/ikonvilla.com\/wp-content\/uploads\/2023\/01\/1.jpeg 1024w, https:\/\/ikonvilla.com\/wp-content\/uploads\/2023\/01\/1-768x766.jpeg 768w, https:\/\/ikonvilla.com\/wp-content\/uploads\/2023\/01\/1-12x12.jpeg 12w\" sizes=\"(max-width: 1024px) 100vw, 1024px\" \/>\t\t\t\t\t\t\t\t\t\t\t\t\t\t\t<\/div>\n\t\t\t\t<\/div>\n\t\t\t\t\t<\/div>\n\t\t<\/div>\n\t\t\t\t<div class=\"elementor-column elementor-col-33 elementor-top-column elementor-element elementor-element-832ab5e\" data-id=\"832ab5e\" data-element_type=\"column\" data-e-type=\"column\">\n\t\t\t<div class=\"elementor-widget-wrap elementor-element-populated\">\n\t\t\t\t\t\t<div class=\"elementor-element elementor-element-d84685f elementor-widget elementor-widget-image\" data-id=\"d84685f\" data-element_type=\"widget\" data-e-type=\"widget\" data-widget_type=\"image.default\">\n\t\t\t\t<div class=\"elementor-widget-container\">\n\t\t\t\t\t\t\t\t\t\t\t\t\t\t\t<img decoding=\"async\" width=\"1024\" height=\"1004\" src=\"https:\/\/ikonvilla.com\/wp-content\/uploads\/2023\/01\/3_misyon.jpeg\" class=\"attachment-full size-full wp-image-4120\" alt=\"\" srcset=\"https:\/\/ikonvilla.com\/wp-content\/uploads\/2023\/01\/3_misyon.jpeg 1024w, https:\/\/ikonvilla.com\/wp-content\/uploads\/2023\/01\/3_misyon-768x753.jpeg 768w, https:\/\/ikonvilla.com\/wp-content\/uploads\/2023\/01\/3_misyon-12x12.jpeg 12w\" sizes=\"(max-width: 1024px) 100vw, 1024px\" \/>\t\t\t\t\t\t\t\t\t\t\t\t\t\t\t<\/div>\n\t\t\t\t<\/div>\n\t\t\t\t\t<\/div>\n\t\t<\/div>\n\t\t\t\t\t<\/div>\n\t\t<\/section>\n\t\t\t\t<section class=\"elementor-section elementor-top-section elementor-element elementor-element-d71eb87 elementor-section-boxed elementor-section-height-default elementor-section-height-default\" data-id=\"d71eb87\" data-element_type=\"section\" data-e-type=\"section\">\n\t\t\t\t\t\t<div class=\"elementor-container elementor-column-gap-wider\">\n\t\t\t\t\t<div class=\"elementor-column elementor-col-100 elementor-top-column elementor-element elementor-element-2546df5\" data-id=\"2546df5\" data-element_type=\"column\" data-e-type=\"column\">\n\t\t\t<div class=\"elementor-widget-wrap elementor-element-populated\">\n\t\t\t\t\t\t<div class=\"elementor-element elementor-element-9104a9d elementor-widget elementor-widget-text-editor\" data-id=\"9104a9d\" data-element_type=\"widget\" data-e-type=\"widget\" data-widget_type=\"text-editor.default\">\n\t\t\t\t<div class=\"elementor-widget-container\">\n\t\t\t\t\t\t\t\t\t<p>\u0130kon \u00c7elik Villa Yap\u0131 entwirft und fertigt mit jahrelanger Erfahrung hochmoderne, stilvoll aussehende Villenbauten. Unser Unternehmen, das bereits viele Stahlvillen hergestellt hat, fertigt Sonderkonstruktionen den Kundenw\u00fcnschen entsprechend. Sie k\u00f6nnen auch aus unserer Galerie der fertigen Projekte ein Villenmodell ausw\u00e4hlen und ihren Bed\u00fcrfnissen entsprechend anfertigen lassen. Bei der Planung unserer Stahlvillen ber\u00fccksichtigen wir jedes Detail, um sie so zu produzieren, dass sie den Anforderungen unserer Kunden voll und ganz entsprechen.<\/p><h4><strong>1. TECHNISCHE DATEN<br \/><\/strong><\/h4><p>Die Produktionen werden so hergestellt, dass sie Erdbeben ersten Grades, Windgeschwindigkeiten von 90 km pro Stunde und Schneelasten von 80 kg pro m2 standhalten. Die Tr\u00e4gersysteme bestehen aus verzinkten Profilen der Typen H, C und U.<\/p><p>Die innere Paneelst\u00e4rke unserer Geb\u00e4ude betr\u00e4gt 8 cm und die H\u00f6he 250 cm. Die \u00e4u\u00dfere Paneeldicke betr\u00e4gt 10 cm. Die Au\u00dfenplatten sind mit Faserzement in den Abmessungen 10x295x2500 mm verkleidet. Die inneren Paneele sind mit Gipskartonplatten in den Abmessungen 12,5x1200x2500 mm verkleidet.<\/p><h4>2. <strong>TRAGWERK<\/strong><\/h4><p>St\u00fctzen, Binder, Balken und Zwischengeschosskonstruktionen werden aus speziell gebogenen, verzinkten Blechen gefertigt. Bei mehrst\u00f6ckigen Geb\u00e4uden werden statische Berechnungen durchgef\u00fchrt und das Rahmensystem f\u00fcr die mittlere Etage entworfen. Der Boden wird mit 18 mm OSB 3 verkleidet, die Nutzlast betr\u00e4gt mindestens 200 kg pro m2<\/p><h4>3. <strong>DACH und DECKE<\/strong><\/h4><p>F\u00fcr die D\u00e4cher werden 30 % geneigte Satteld\u00e4cher und Walmd\u00e4cher verwendet. Die verzi,nkten Metallpfetten werden mit 11 mm OSB-2 verkleidet. Auf dem beschichteten OSB-System wird eine Dampfsperre verlegt, und abschlie\u00dfend importierte Schindeln in verschiedenen Farben verlegt, so dass das Dach gegen Wasser, Feuchtigkeit und Hitze isoliert ist.<\/p><h4>4. <strong>INNEN- und AUSSENT\u00dcREN<\/strong><\/h4><p>F\u00fcr Innent\u00fcren kommen amerikanische Paneelt\u00fcren mit den Ma\u00dfen 80x200 cm zum Einsatz. F\u00fcr Au\u00dfent\u00fcren werden Stahlt\u00fcren mit den Ma\u00dfen 88x200 cm verwendet. Fenster der Serie 70 PVC werden mit Doppelverglasung 4x16x4 verwendet.<\/p><h4>5. <strong>TREPPEN<\/strong><\/h4><p>Die Treppen werden mit OSB 3 mit einer St\u00e4rke von 18 mm auf einem leichten Stahlskelett verkleidet. Das Treppengel\u00e4nder besteht aus rostfreiem Stahlrohr oder Aluminiumrohr.<\/p><h4><strong>7. ELEKTROINSTALLATION<\/strong><\/h4><p>Die Elektroinstallation kann als Aufputz oder Unterputz ausgef\u00fchrt werden. Kabel werden  auf TSE-zertifizierten Blenden eingesetzt. Andere Elemente wie Sicherungen, Steckdosen, Schalter und Beleuchtung sind ebenfalls TSE-zertifiziert. Z\u00e4hler, Erdung und externe Anschl\u00fcsse werden vom K\u00e4ufer beigestellt.<\/p><h4>7. <strong>ANSTRICH<\/strong><\/h4><p>Alle f\u00fcr den Anstrich verwendeten Produkte sind TSE-zertifiziert. W\u00e4hrend im Au\u00dfenbereich Silikonfarben verwendet werden, kommen im Innenbereich Kunststofffarben auf Paneelen und Gipskartondecken zum Einsatz. F\u00fcr Metalloberfl\u00e4chen werden eine zweischichtige Grundierung und eine zweischichtige synthetische \u00d6lfarbe verwendet.<\/p><h4>8. <strong>SANIT\u00c4RINSTALLATION<\/strong><\/h4><p>Die Sanit\u00e4rinstallation erfolgt als Unterputzinstallation. Alle verwendeten Produkte (Rohre, Waschbecken, Sanit\u00e4rkeramik usw.) sind TSE-zertifiziert. Wasserz\u00e4hler und Au\u00dfenanschl\u00fcsse des Geb\u00e4udes werden vom K\u00e4ufer vorgenommen.<\/p><h4>9. <strong>FUNDIERUNGSBETON<\/strong><\/h4><p>Unsere Kunden werden durch unsere Beratungsabteilung informiert und beraten.  Die Gr\u00fcndungs- und Betonarbeiten erfolgen gem\u00e4\u00df dem vereinbarten Plan.<\/p><h4>10. <strong>UNTERSCHIEDLICHE AUSF\u00dcHRUNGEN UND FLEXIBLE L\u00d6SUNGEN<\/strong><\/h4><p>Unsere Stahlh\u00e4user k\u00f6nnen speziell nach den Vorstellungen der Kunden gestaltet werden. Dar\u00fcber hinaus kann ein Stahlhaus, das aus unseren vorgefertigten Musterh\u00e4usern ausgew\u00e4hlt wurde, in der gew\u00fcnschten Gr\u00f6\u00dfe mit Erg\u00e4nzungen oder \u00c4nderungen neu produziert werden.<\/p><h4>11. <strong>WASSER-, W\u00c4RME- und SCHALLD\u00c4MMUNG<\/strong><\/h4><p>Unsere Stahlh\u00e4user werden aus wasserdichten Materialien und Strukturen hergestellt, die die W\u00e4rme im Inneren bewahren.  Wir stellen schalldichte Stahlh\u00e4user her, die verhindern, dass Ger\u00e4usche nach au\u00dfen dringen und Au\u00dfenl\u00e4rm weniger nach innen dringt. Verwendet wird D\u00e4mmmaterial in 10 cm St\u00e4rke und der Brandklasse A1.<\/p><h4>12. <strong>FEHLERFREIE, ZUVERL\u00c4SSIGE QUALIT\u00c4TSPRODUKTION<\/strong><\/h4><p>Mit unserem Unternehmen, das seit Jahren wichtige Einrichtungen wie viele staatliche Institutionen und Kommunen mit Stahlbauleistungen beliefert, haben wir das Vertrauen unserer Kunden gewonnen und es geschafft, ein bekanntes Unternehmen in diesem Bereich zu werden. Dank unseres kundenorientierten Qualit\u00e4tsverst\u00e4ndnisses stellen wir mit unseren erfahrenen Mitarbeitern einwandfreie Stahlbauwerke her und gehen keine Kompromisse bei der Qualit\u00e4t ein.<\/p><h4>13. <strong>ERDBEBEN- UND BRANDSICHERE GEB\u00c4UDE<\/strong><\/h4><p>Wir stellen gesch\u00fctzte Strukturen her, die dank der von uns verwendeten hochwertigen Materialien und unserer soliden Infrastruktur gegen Erdbeben und Br\u00e4nde ersten Grades resistent sind.<\/p><h4>14. <strong>VERSCHLEISS- UND ROSTBEST\u00c4NDIGE STRUKTUREN<\/strong><\/h4><p>Wir stellen unsere Stahlh\u00e4user aus Materialien her, die resistent gegen Verkalkung, Abrieb und Rost sind, damit sie nicht durch \u00e4u\u00dfere Einfl\u00fcsse beeintr\u00e4chtigt werden. Auf Wunsch k\u00f6nnen unsere Kunden unser Werk besuchen und unseren Produktionsprozess beobachten<\/p><h4>15. <strong>DANK DER EINFACHEN INSTALLATION IN K\u00dcRZESTER ZEIT AUFGEBAUT<\/strong><\/h4><p>Die einfache und schnelle Montage von Stahlkonstruktionen bietet vor allem bei gewerblichen Bauten gro\u00dfe Vorteile. Wenn Sie sich f\u00fcr Stahlkonstruktionen entscheiden, k\u00f6nnen Sie Zeit sparen, ohne auf Qualit\u00e4t verzichten zu m\u00fcssen.<\/p><h4>16. <strong>GEW\u00c4HRLEISTET RECYCLING DURCH DIE VERWENDUNG VON UMWELTFREUNDLICHEN MATERIALIEN<\/strong><\/h4><p>Stahlkonstruktionen aus leichten Stahlwerkstoffen sind umweltfreundliche Konstruktionen, die den Abbau von Rohstoffreserven verhindern. Die Materialien, die bei Abbau anfallen, k\u00f6nnen durch Recycling wiederverwendet werden<\/p><h4>17. <strong>KOSTENG\u00dcNSTIGES BAUVERFAHREN<\/strong><\/h4><p>Mit Stahlkonstruktionen k\u00f6nnen Sie sowohl Zeit als auch Kosten sparen, da sie einfach zu installieren sind. Sie k\u00f6nnen eine Stahlkonstruktion in kurzer Zeit und mit einem f\u00fcr Ihr Budget angemessenen Aufwand errichten.<\/p><h4>18.<strong> LANGLEBIGE UND SOLIDE BAUWERKE<\/strong><\/h4><p>Wir erbringen in der gesamten T\u00fcrkei Dienstleistungen mit unseren zweckm\u00e4\u00dfigen und langlebigen Stahlkonstruktionen, die gem\u00e4\u00df den Anforderungen unserer Kunden entworfen wurden.<\/p>\t\t\t\t\t\t\t\t<\/div>\n\t\t\t\t<\/div>\n\t\t\t\t\t<\/div>\n\t\t<\/div>\n\t\t\t\t\t<\/div>\n\t\t<\/section>\n\t\t\t\t<\/div>","protected":false},"excerpt":{"rendered":"<p>\u00c7EL\u0130K V\u0130LLA \u00dcRET\u0130M\u0130 ve SATIMI \u0130kon \u00c7elik Villa Yap\u0131, y\u0131llar\u0131n tecr\u00fcbesi ile son derece modern, \u015f\u0131k g\u00f6r\u00fcn\u00fcml\u00fc villa yap\u0131lar\u0131 tasarlamakta ve \u00fcretmektedir. Bug\u00fcne kadar \u00e7ok say\u0131da \u00e7elik villa \u00fcretimi yapan firmam\u0131z, m\u00fc\u015fterilerin taleplerine g\u00f6re \u00f6zel olarak tasar\u0131mlar yapmaktad\u0131r. Ayr\u0131ca haz\u0131r projelerimizden olu\u015fan galerimizi inceleyerek de bir villa modeli se\u00e7ebilir ve size \u00f6zel \u00fcretilmesini talep edebilirsiniz. [&hellip;]<\/p>\n","protected":false},"author":1,"featured_media":0,"parent":0,"menu_order":0,"comment_status":"closed","ping_status":"closed","template":"","meta":{"footnotes":""},"class_list":["post-164","page","type-page","status-publish","hentry"],"aioseo_notices":[],"_links":{"self":[{"href":"https:\/\/ikonvilla.com\/de\/wp-json\/wp\/v2\/pages\/164","targetHints":{"allow":["GET"]}}],"collection":[{"href":"https:\/\/ikonvilla.com\/de\/wp-json\/wp\/v2\/pages"}],"about":[{"href":"https:\/\/ikonvilla.com\/de\/wp-json\/wp\/v2\/types\/page"}],"author":[{"embeddable":true,"href":"https:\/\/ikonvilla.com\/de\/wp-json\/wp\/v2\/users\/1"}],"replies":[{"embeddable":true,"href":"https:\/\/ikonvilla.com\/de\/wp-json\/wp\/v2\/comments?post=164"}],"version-history":[{"count":39,"href":"https:\/\/ikonvilla.com\/de\/wp-json\/wp\/v2\/pages\/164\/revisions"}],"predecessor-version":[{"id":4471,"href":"https:\/\/ikonvilla.com\/de\/wp-json\/wp\/v2\/pages\/164\/revisions\/4471"}],"wp:attachment":[{"href":"https:\/\/ikonvilla.com\/de\/wp-json\/wp\/v2\/media?parent=164"}],"curies":[{"name":"wp","href":"https:\/\/api.w.org\/{rel}","templated":true}]}}