{"id":162,"date":"2019-03-13T06:41:09","date_gmt":"2019-03-13T06:41:09","guid":{"rendered":"http:\/\/localhost\/buildbench\/?page_id=162"},"modified":"2025-07-24T18:59:28","modified_gmt":"2025-07-24T18:59:28","slug":"ikon-celik-villa","status":"publish","type":"page","link":"https:\/\/ikonvilla.com\/de\/ikon-celik-villa\/","title":{"rendered":"\u0130KON"},"content":{"rendered":"<div data-elementor-type=\"wp-post\" data-elementor-id=\"162\" class=\"elementor elementor-162\" data-elementor-post-type=\"page\">\n\t\t\t\t<div class=\"elementor-element elementor-element-d8af21c e-flex e-con-boxed e-con e-parent\" data-id=\"d8af21c\" data-element_type=\"container\" data-e-type=\"container\">\n\t\t\t\t\t<div class=\"e-con-inner\">\n\t\t<div class=\"elementor-element elementor-element-cc0af64 e-con-full e-flex e-con e-child\" data-id=\"cc0af64\" data-element_type=\"container\" data-e-type=\"container\">\n\t\t\t\t<div class=\"elementor-element elementor-element-a191216 elementor-widget elementor-widget-text-editor\" data-id=\"a191216\" data-element_type=\"widget\" data-e-type=\"widget\" data-widget_type=\"text-editor.default\">\n\t\t\t\t<div class=\"elementor-widget-container\">\n\t\t\t\t\t\t\t\t\t<h2>Wer sind  wir?<\/h2><p>Das Unternehmen Ikon Prefabrik &amp; \u00c7elik Yap\u0131, das Fertigh\u00e4user mit fortschrittlicher Technologie und hohem Qualit\u00e4tsverst\u00e4ndnis herstellt, nahm 1997 die Produktion auf. Mit ihrer Vision und ihrer sich selbst erneuernden Struktur setzt sie ihren Aufstieg in der Branche fort, ohne dabei die Grunds\u00e4tze der Qualit\u00e4t und der Kundenzufriedenheit zu vernachl\u00e4ssigen.<\/p><p>Das Technische B\u00fcro und die Forschungs- und Entwicklungsgruppe von Ikon Prefabrik &amp; \u00c7elik Yap\u0131 arbeiten weiterhin an der Entwicklung neuer Produkte und an Projektstudien, um die Bed\u00fcrfnisse der Kunden zu erf\u00fcllen<\/p><p>\u0130kon Prefabrik &amp; \u00c7elik Yap\u0131 entwirft und fertigt die Konstruktionen f\u00fcr die Herstellung von Projekten mit unterschiedlichen Querschnitten und Gr\u00f6\u00dfen, die je nach Kundenwunsch entstehen.<\/p>\t\t\t\t\t\t\t\t<\/div>\n\t\t\t\t<\/div>\n\t\t\t\t<\/div>\n\t\t<div class=\"elementor-element elementor-element-012c82d e-con-full e-flex e-con e-child\" data-id=\"012c82d\" data-element_type=\"container\" data-e-type=\"container\">\n\t\t\t\t<div class=\"elementor-element elementor-element-0469074 elementor-widget elementor-widget-image\" data-id=\"0469074\" data-element_type=\"widget\" data-e-type=\"widget\" data-widget_type=\"image.default\">\n\t\t\t\t<div class=\"elementor-widget-container\">\n\t\t\t\t\t\t\t\t\t\t\t\t\t\t\t<img fetchpriority=\"high\" decoding=\"async\" width=\"397\" height=\"335\" src=\"https:\/\/ikonvilla.com\/wp-content\/uploads\/2022\/05\/1_kimiz.jpg\" class=\"attachment-full size-full wp-image-3500\" alt=\"\" \/>\t\t\t\t\t\t\t\t\t\t\t\t\t\t\t<\/div>\n\t\t\t\t<\/div>\n\t\t\t\t<\/div>\n\t\t\t\t\t<\/div>\n\t\t\t\t<\/div>\n\t\t<div class=\"elementor-element elementor-element-b0a38e9 e-flex e-con-boxed e-con e-parent\" data-id=\"b0a38e9\" data-element_type=\"container\" data-e-type=\"container\">\n\t\t\t\t\t<div class=\"e-con-inner\">\n\t\t<div class=\"elementor-element elementor-element-720b032 e-con-full e-flex e-con e-child\" data-id=\"720b032\" data-element_type=\"container\" data-e-type=\"container\">\n\t\t\t\t<div class=\"elementor-element elementor-element-38c00bf elementor-widget elementor-widget-text-editor\" data-id=\"38c00bf\" data-element_type=\"widget\" data-e-type=\"widget\" data-widget_type=\"text-editor.default\">\n\t\t\t\t<div class=\"elementor-widget-container\">\n\t\t\t\t\t\t\t\t\t<h2>Unsere Mission<\/h2><p>Die Vision der \u0130kon Prefabrik &amp; \u00c7elik Yap\u0131i st es, \u00fcber Spitzentechnologie und moderne Produktionsmethoden zu verf\u00fcgen, um qualitativ hochwertige Produkte herzustellen, uns um den Verkauf auf internationalen M\u00e4rkten zu bem\u00fchen und Weltstandards zu erreichen, Produkte mit niedrigeren Kosten und h\u00f6herer Qualit\u00e4t herzustellen, indem wir Entwicklungsstudien \u00fcber die Verwendung und den Nutzen der Produkte des Unternehmens durchf\u00fchren, durch die Entwicklung von F&amp;E Methoden die Produktvielfalt zu steigern.<\/p>\t\t\t\t\t\t\t\t<\/div>\n\t\t\t\t<\/div>\n\t\t\t\t<\/div>\n\t\t<div class=\"elementor-element elementor-element-409899b e-con-full e-flex e-con e-child\" data-id=\"409899b\" data-element_type=\"container\" data-e-type=\"container\">\n\t\t\t\t<div class=\"elementor-element elementor-element-85704b4 elementor-widget elementor-widget-text-editor\" data-id=\"85704b4\" data-element_type=\"widget\" data-e-type=\"widget\" data-widget_type=\"text-editor.default\">\n\t\t\t\t<div class=\"elementor-widget-container\">\n\t\t\t\t\t\t\t\t\t<h2>Unsere Vision<\/h2><p>Als \u0130kon Prefabrik &amp; \u00c7elik Yap\u0131 ist es unsere Vision, mit unserer hochwertigen Produktionsleistung zu einer Weltmarke im Bereich Fertigbau, Stahlbau und leichte Stahlvillen zu werden.<\/p>\t\t\t\t\t\t\t\t<\/div>\n\t\t\t\t<\/div>\n\t\t\t\t<\/div>\n\t\t\t\t\t<\/div>\n\t\t\t\t<\/div>\n\t\t<div class=\"elementor-element elementor-element-7e47841 e-flex e-con-boxed e-con e-parent\" data-id=\"7e47841\" data-element_type=\"container\" data-e-type=\"container\">\n\t\t\t\t\t<div class=\"e-con-inner\">\n\t\t<div class=\"elementor-element elementor-element-523bfde e-con-full e-flex e-con e-child\" data-id=\"523bfde\" data-element_type=\"container\" data-e-type=\"container\">\n\t\t\t\t<div class=\"elementor-element elementor-element-9bd0456 elementor-widget elementor-widget-image\" data-id=\"9bd0456\" data-element_type=\"widget\" data-e-type=\"widget\" data-widget_type=\"image.default\">\n\t\t\t\t<div class=\"elementor-widget-container\">\n\t\t\t\t\t\t\t\t\t\t\t\t\t\t\t<img decoding=\"async\" width=\"998\" height=\"1024\" src=\"https:\/\/ikonvilla.com\/wp-content\/uploads\/2023\/01\/1_hakkinda.jpeg\" class=\"attachment-full size-full wp-image-4119\" alt=\"\" srcset=\"https:\/\/ikonvilla.com\/wp-content\/uploads\/2023\/01\/1_hakkinda.jpeg 998w, https:\/\/ikonvilla.com\/wp-content\/uploads\/2023\/01\/1_hakkinda-768x788.jpeg 768w, https:\/\/ikonvilla.com\/wp-content\/uploads\/2023\/01\/1_hakkinda-12x12.jpeg 12w\" sizes=\"(max-width: 998px) 100vw, 998px\" \/>\t\t\t\t\t\t\t\t\t\t\t\t\t\t\t<\/div>\n\t\t\t\t<\/div>\n\t\t\t\t<\/div>\n\t\t<div class=\"elementor-element elementor-element-0da4398 e-con-full e-flex e-con e-child\" data-id=\"0da4398\" data-element_type=\"container\" data-e-type=\"container\">\n\t\t\t\t<div class=\"elementor-element elementor-element-819a082 elementor-widget elementor-widget-image\" data-id=\"819a082\" data-element_type=\"widget\" data-e-type=\"widget\" data-widget_type=\"image.default\">\n\t\t\t\t<div class=\"elementor-widget-container\">\n\t\t\t\t\t\t\t\t\t\t\t\t\t\t\t<img decoding=\"async\" width=\"1024\" height=\"1021\" src=\"https:\/\/ikonvilla.com\/wp-content\/uploads\/2023\/01\/1.jpeg\" class=\"attachment-full size-full wp-image-4118\" alt=\"\" srcset=\"https:\/\/ikonvilla.com\/wp-content\/uploads\/2023\/01\/1.jpeg 1024w, https:\/\/ikonvilla.com\/wp-content\/uploads\/2023\/01\/1-768x766.jpeg 768w, https:\/\/ikonvilla.com\/wp-content\/uploads\/2023\/01\/1-12x12.jpeg 12w\" sizes=\"(max-width: 1024px) 100vw, 1024px\" \/>\t\t\t\t\t\t\t\t\t\t\t\t\t\t\t<\/div>\n\t\t\t\t<\/div>\n\t\t\t\t<\/div>\n\t\t<div class=\"elementor-element elementor-element-d3facab e-con-full e-flex e-con e-child\" data-id=\"d3facab\" data-element_type=\"container\" data-e-type=\"container\">\n\t\t\t\t<div class=\"elementor-element elementor-element-c347952 elementor-widget elementor-widget-image\" data-id=\"c347952\" data-element_type=\"widget\" data-e-type=\"widget\" data-widget_type=\"image.default\">\n\t\t\t\t<div class=\"elementor-widget-container\">\n\t\t\t\t\t\t\t\t\t\t\t\t\t\t\t<img loading=\"lazy\" decoding=\"async\" width=\"1024\" height=\"1004\" src=\"https:\/\/ikonvilla.com\/wp-content\/uploads\/2023\/01\/3_misyon.jpeg\" class=\"attachment-full size-full wp-image-4120\" alt=\"\" srcset=\"https:\/\/ikonvilla.com\/wp-content\/uploads\/2023\/01\/3_misyon.jpeg 1024w, https:\/\/ikonvilla.com\/wp-content\/uploads\/2023\/01\/3_misyon-768x753.jpeg 768w, https:\/\/ikonvilla.com\/wp-content\/uploads\/2023\/01\/3_misyon-12x12.jpeg 12w\" sizes=\"(max-width: 1024px) 100vw, 1024px\" \/>\t\t\t\t\t\t\t\t\t\t\t\t\t\t\t<\/div>\n\t\t\t\t<\/div>\n\t\t\t\t<\/div>\n\t\t\t\t\t<\/div>\n\t\t\t\t<\/div>\n\t\t<div class=\"elementor-element elementor-element-9cc58b7 e-flex e-con-boxed e-con e-parent\" data-id=\"9cc58b7\" data-element_type=\"container\" data-e-type=\"container\">\n\t\t\t\t\t<div class=\"e-con-inner\">\n\t\t<div class=\"elementor-element elementor-element-37af2f6 e-con-full e-flex e-con e-child\" data-id=\"37af2f6\" data-element_type=\"container\" data-e-type=\"container\">\n\t\t\t\t<div class=\"elementor-element elementor-element-45c753d elementor-widget elementor-widget-text-editor\" data-id=\"45c753d\" data-element_type=\"widget\" data-e-type=\"widget\" data-widget_type=\"text-editor.default\">\n\t\t\t\t<div class=\"elementor-widget-container\">\n\t\t\t\t\t\t\t\t\t<h2>Unsere Qualit\u00e4tspolitik<\/h2><p>Die \"QUALIT\u00c4T\" als unverzichtbare Grundlage annehmen.<\/p><p>Die Schaffung eines Dienstleistungsverst\u00e4ndnisses, das sich nicht mit dem Niveau der \"QUALIT\u00c4T\" zufrieden gibt.<\/p><p>Die technologischen Entwicklungen folgen und die Ausr\u00fcstung entsprechend der technologischen Entwicklungen erneuern.<\/p><p>Die gr\u00f6\u00dften Investition in die Fachkenntnis und erfahrenes Personal zu t\u00e4tigen und einen stabilen Wachstums erzielen.<\/p><p>Sensibilisierung aller unserer Einheiten f\u00fcr Gesundheit und Sicherheit am Arbeitsplatz durch Schulungen,<\/p><p>Erf\u00fcllung der Bestimmungen des Qualit\u00e4ts-, Umwelt- und Arbeitsschutzmanagementsystems, der gesetzlichen Pflichten und anderen sektorellen Bedingungen sowie eine kontinuierliche Verbesserung,<\/p><p>Ergreifung von Ma\u00dfnahmen zur Minimierung der umwelt- und gesundheitssch\u00e4dlichen Auswirkungen bei der Planung von Arbeiten und der Produktion.<\/p><p>Eine kontinuierliche Verbesserung in jeder Hinsicht als grundlegende Lebenseinstellung anerkennen.<\/p>\t\t\t\t\t\t\t\t<\/div>\n\t\t\t\t<\/div>\n\t\t\t\t<\/div>\n\t\t<div class=\"elementor-element elementor-element-2a5288b e-con-full e-flex e-con e-child\" data-id=\"2a5288b\" data-element_type=\"container\" data-e-type=\"container\">\n\t\t\t\t<div class=\"elementor-element elementor-element-b58879b elementor-widget elementor-widget-image\" data-id=\"b58879b\" data-element_type=\"widget\" data-e-type=\"widget\" data-widget_type=\"image.default\">\n\t\t\t\t<div class=\"elementor-widget-container\">\n\t\t\t\t\t\t\t\t\t\t\t\t\t\t\t<img loading=\"lazy\" decoding=\"async\" width=\"397\" height=\"335\" src=\"https:\/\/ikonvilla.com\/wp-content\/uploads\/2022\/05\/1-3.jpg\" class=\"attachment-full size-full wp-image-3503\" alt=\"\" \/>\t\t\t\t\t\t\t\t\t\t\t\t\t\t\t<\/div>\n\t\t\t\t<\/div>\n\t\t\t\t<\/div>\n\t\t\t\t\t<\/div>\n\t\t\t\t<\/div>\n\t\t<div class=\"elementor-element elementor-element-f7118c2 e-flex e-con-boxed e-con e-parent\" data-id=\"f7118c2\" data-element_type=\"container\" data-e-type=\"container\">\n\t\t\t\t\t<div class=\"e-con-inner\">\n\t\t<div class=\"elementor-element elementor-element-832b9a6 e-con-full e-flex e-con e-child\" data-id=\"832b9a6\" data-element_type=\"container\" data-e-type=\"container\">\n\t\t\t\t<div class=\"elementor-element elementor-element-65cbb22 elementor-widget elementor-widget-text-editor\" data-id=\"65cbb22\" data-element_type=\"widget\" data-e-type=\"widget\" data-widget_type=\"text-editor.default\">\n\t\t\t\t<div class=\"elementor-widget-container\">\n\t\t\t\t\t\t\t\t\tGoogle f\u00fchrt uns als \u0130kon \u00c7elik Villa bei der Suche nach Ankara Prefabrik, Stahlhaus, Stahlvilla, Stahlfertighaus, Stahlhauspreise, Stahlhaus Ankara, Stahlhaus 2019 Modelle, Stahlvilla Preise und Modelle, moderne Stahlvilla, schwere Stahlvilla, Stahlhauspreise 2018 , Duplex Stahlh\u00e4user, Stahlbau Hauspreise 2018, Stahlbau Hauspreise 2019, Stahlbau Preise 2018, Stahlbau Preise 2020, Fertighauspreise Ankara, Fertighaus Ankara Kazan, Fertighauspreise Ankara G\u00f6lba\u015f\u0131, Fertighauspreise und Modelle, Bestellungen Fertighaus Ankara Yenimahalle\/Ankara, Fertighauspreise in \u00c7orum, einst\u00f6ckige Fertighauspreise, Fertighausprojekte, Ankara Fertighaus, Fertighaus Ankara, an erster Stelle auf\t\t\t\t\t\t\t\t<\/div>\n\t\t\t\t<\/div>\n\t\t\t\t<\/div>\n\t\t\t\t\t<\/div>\n\t\t\t\t<\/div>\n\t\t\t\t<\/div>","protected":false},"excerpt":{"rendered":"<p>Biz Kimiz? \u0130leri teknoloji ve \u00fcst\u00fcn kalite anlay\u0131\u015f\u0131 ile prefabrik yap\u0131 \u00fcretimi yapan \u0130kon Prefabrik &amp; \u00c7elik Yap\u0131, 1997 y\u0131l\u0131nda \u00fcretime ba\u015flam\u0131\u015ft\u0131r. Vizyonu ve kendini yenileyen yap\u0131s\u0131 ile, kalite ve m\u00fc\u015fteri memnuniyeti ilkelerinden \u00f6d\u00fcn vermeden sekt\u00f6rde ilerleyi\u015fini s\u00fcrd\u00fcrmektedir. \u0130kon Prefabrik &amp; \u00c7elik Yap\u0131 b\u00fcnyesindeki Teknik Ofis ve AR-GE grubu; s\u00fcrekli olarak yeni \u00fcr\u00fcn tasar\u0131m\u0131 ve [&hellip;]<\/p>\n","protected":false},"author":1,"featured_media":0,"parent":0,"menu_order":0,"comment_status":"closed","ping_status":"closed","template":"","meta":{"footnotes":""},"class_list":["post-162","page","type-page","status-publish","hentry"],"aioseo_notices":[],"_links":{"self":[{"href":"https:\/\/ikonvilla.com\/de\/wp-json\/wp\/v2\/pages\/162","targetHints":{"allow":["GET"]}}],"collection":[{"href":"https:\/\/ikonvilla.com\/de\/wp-json\/wp\/v2\/pages"}],"about":[{"href":"https:\/\/ikonvilla.com\/de\/wp-json\/wp\/v2\/types\/page"}],"author":[{"embeddable":true,"href":"https:\/\/ikonvilla.com\/de\/wp-json\/wp\/v2\/users\/1"}],"replies":[{"embeddable":true,"href":"https:\/\/ikonvilla.com\/de\/wp-json\/wp\/v2\/comments?post=162"}],"version-history":[{"count":67,"href":"https:\/\/ikonvilla.com\/de\/wp-json\/wp\/v2\/pages\/162\/revisions"}],"predecessor-version":[{"id":4493,"href":"https:\/\/ikonvilla.com\/de\/wp-json\/wp\/v2\/pages\/162\/revisions\/4493"}],"wp:attachment":[{"href":"https:\/\/ikonvilla.com\/de\/wp-json\/wp\/v2\/media?parent=162"}],"curies":[{"name":"wp","href":"https:\/\/api.w.org\/{rel}","templated":true}]}}